{"id":4462,"date":"2020-10-10T01:34:06","date_gmt":"2020-10-10T01:34:06","guid":{"rendered":"https:\/\/asthma-check.ch\/testseite\/"},"modified":"2020-10-10T01:34:06","modified_gmt":"2020-10-10T01:34:06","slug":"testseite","status":"publish","type":"page","link":"https:\/\/asthma-check.ch\/it\/testseite\/","title":{"rendered":"Testseite"},"content":{"rendered":"<div id='layer_slider_1'  class='avia-layerslider main_color avia-shadow  avia-builder-el-0  el_before_av_one_fourth  avia-builder-el-first  container_wrap fullsize'  style='height: 601px; max-width: 1310px; margin: 0 auto;'  ><\/div><div id='after_layer_slider_1'  class='main_color av_default_container_wrap container_wrap fullsize'  ><div class='container av-section-cont-open' ><div class='template-page content  av-content-full alpha units'><div class='post-entry post-entry-type-page post-entry-4462'><div class='entry-content-wrapper clearfix'>\n\n<style type=\"text\/css\" data-created_by=\"avia_inline_auto\" id=\"style-css-av-3z0exx-400020027c3a2c24a78d5b2199f3eecd\">\n.flex_column.av-3z0exx-400020027c3a2c24a78d5b2199f3eecd{\nborder-radius:0px 0px 0px 0px;\npadding:0px 0px 0px 0px;\n}\n<\/style>\n<div  class='flex_column av-3z0exx-400020027c3a2c24a78d5b2199f3eecd av_one_fourth  avia-builder-el-1  el_after_av_layerslider  el_before_av_three_fourth  avia-builder-el-first  first flex_column_div av-zero-column-padding  '     ><\/div>\n\n<style type=\"text\/css\" data-created_by=\"avia_inline_auto\" id=\"style-css-av-2h4gz9-c563e76ae04871f1689e4f2d9639e186\">\n.flex_column.av-2h4gz9-c563e76ae04871f1689e4f2d9639e186{\nborder-radius:0px 0px 0px 0px;\npadding:0px 0px 0px 0px;\n}\n<\/style>\n<div  class='flex_column av-2h4gz9-c563e76ae04871f1689e4f2d9639e186 av_three_fourth  avia-builder-el-2  el_after_av_one_fourth  avia-builder-el-last  flex_column_div av-zero-column-padding  '     ><section  class='av_textblock_section av-kg305qyg-78515aa374341f0f2e676278e65d9654 '   itemscope=\"itemscope\" itemtype=\"https:\/\/schema.org\/CreativeWork\" ><div class='avia_textblock'  itemprop=\"text\" ><h1>Ihre Atemwege sind uns ein Anliegen<\/h1>\n<p>Bei allen Fragen rund um das Thema Asthma sind die von medinform ausgebildeten Asthma zertifizierten Apotheken die richtige Anlaufstelle. Sie sprechen sich bei Bedarf mit Ihrem betreuenden Arzt ab. Dies erm\u00f6glicht es, Ihnen rasch und unkompliziert weiterzuhelfen.<\/p>\n<p><strong>M\u00f6gliche individuelle Fragestellungen je nach Bed\u00fcrfnis als Asthmatiker:<\/strong><\/p>\n<ul>\n<li>Lungenfunktionsmessung: wie ist der momentane Zustand meiner Lunge?<\/li>\n<li>Asthma-Kontroll-Test: momentan geht es mir schlechter &#8211; ist mein Asthma noch unter Kontrolle?<\/li>\n<li>Asthma-Ausl\u00f6ser: durch was werden meine Asthma-Anf\u00e4lle ausgel\u00f6st und wie kann ich mich davor sch\u00fctzen?<\/li>\n<li>Asthma-Therapie: ist mein Asthma-Medikament und die Dosierung noch richtig f\u00fcr mich?<\/li>\n<li>Inhalationstechnik: ich m\u00f6chte eine maximale Wirkung und minimale Nebenwirkungen durch meine Therapie. Darum lasse ich mir gerne nochmals zeigen wie ich einwandfrei mit meinem Inhalator inhaliere.<\/li>\n<li>Asthma-Aktionsplan: darf ich die Dosierung reduzieren oder mit der Asthma-Therapie pausieren? Soll ich die Dosierung erh\u00f6hen oder ben\u00f6tige ich ein zus\u00e4tzliches Medikament?<\/li>\n<\/ul>\n<p>Die Asthma-Beratung wird ohne \u00e4rztliche Verordnung mit einer Kostenbeteiligung von 50% \u00fcber das <strong>Gesundheitskonto der <a href=\"https:\/\/www.css.ch\/de\/privatkunden\/richtig-versichert\/krankenkasse\/zusatzversicherungen\/gesundheitskonto\/apotheke.html\" target=\"_blank\" rel=\"noopener noreferrer\">CSS<\/a><\/strong> \u00fcbernommen .<\/p>\n<h2>Ihre Gesundheit ist unsere Passion!<\/h2>\n<\/div><\/section><\/div>\n","protected":false},"excerpt":{"rendered":"","protected":false},"author":5,"featured_media":0,"parent":0,"menu_order":0,"comment_status":"closed","ping_status":"closed","template":"","meta":{"footnotes":""},"class_list":["post-4462","page","type-page","status-publish","hentry"],"_links":{"self":[{"href":"https:\/\/asthma-check.ch\/it\/wp-json\/wp\/v2\/pages\/4462"}],"collection":[{"href":"https:\/\/asthma-check.ch\/it\/wp-json\/wp\/v2\/pages"}],"about":[{"href":"https:\/\/asthma-check.ch\/it\/wp-json\/wp\/v2\/types\/page"}],"author":[{"embeddable":true,"href":"https:\/\/asthma-check.ch\/it\/wp-json\/wp\/v2\/users\/5"}],"replies":[{"embeddable":true,"href":"https:\/\/asthma-check.ch\/it\/wp-json\/wp\/v2\/comments?post=4462"}],"version-history":[{"count":0,"href":"https:\/\/asthma-check.ch\/it\/wp-json\/wp\/v2\/pages\/4462\/revisions"}],"wp:attachment":[{"href":"https:\/\/asthma-check.ch\/it\/wp-json\/wp\/v2\/media?parent=4462"}],"curies":[{"name":"wp","href":"https:\/\/api.w.org\/{rel}","templated":true}]}}